{"id":712,"date":"2021-05-29T00:29:47","date_gmt":"2021-05-28T23:29:47","guid":{"rendered":"https:\/\/turistouviajante.pt\/?page_id=712"},"modified":"2021-05-29T16:55:14","modified_gmt":"2021-05-29T15:55:14","slug":"politica-de-privacidade","status":"publish","type":"page","link":"https:\/\/turistouviajante.pt\/index.php\/politica-de-privacidade\/","title":{"rendered":"Pol\u00edtica de Privacidade"},"content":{"rendered":"\n<p><strong>Contexto<\/strong><br>Esta p\u00e1gina iniciou de uma brincadeira, n\u00e3o havendo qualquer intuito comercial com a mesma, pelo menos num futuro pr\u00f3ximo. Assim, garantimos n\u00e3o existir qualquer partilha com terceiros de dados que possam ser de alguma forma recolhidos.<\/p>\n\n\n\n<p><strong>Dados recolhidos<\/strong><br>&#8211; Coment\u00e1rios no blog: S\u00e3o pedidos dois campos, o nome e  email. T\u00eam por \u00fanico intuito eventuais respostas a coment\u00e1rios.<\/p>\n\n\n\n<p><strong>Cookies<\/strong><br>&#8211; S\u00f3 temos os estritamentes necess\u00e1rios para o funcionamento normal do site. Identificados est\u00e3o os 2 alvo de recolha no ponto anterior, que desaparecem no final da sess\u00e3o (o que acontece normalmente quando fechamos o navegador).<\/p>\n\n\n\n<p><strong>Conserva\u00e7\u00e3o de dados<\/strong><\/p>\n\n\n\n<p>Os mesmos ser\u00e3o mantidos at\u00e9 que o utilizador solicite que sejam eliminados. Para exercer os seus direitos sobre os mesmos, seguem os procedimentos dispon\u00edveis:<br>&#8211; <strong>eliminar<\/strong>: bastar\u00e1 enviar email para o endere\u00e7o dispon\u00edvel no menu da nossa p\u00e1gina, com o assunto &#8220;remover&#8221;<br>&#8211; <strong>consultar<\/strong>: bastar\u00e1 enviar email para o endere\u00e7o dispon\u00edvel no menu da nossa p\u00e1gina, com o assunto &#8220;consultar&#8221;. Ser\u00e1 enviado, para o mail presente nos nossos registos, um export de todos os dados associados ao pedido<br>&#8211; <strong>alterar<\/strong>: bastar\u00e1 enviar email para o endere\u00e7o dispon\u00edvel no menu da nossa p\u00e1gina, com o assunto &#8220;alterar&#8221;, fazendo refer\u00eancia no corpo da mensagem dos dados que quer alterar e valores que dever\u00e3o assumir.<br>Para validar o pedido, independentemente da sua natureza, o mesmo dever\u00e1 ser enviado a partir do endere\u00e7o que ser\u00e1 alvo do procedimento.<\/p>\n\n\n\n<h6 class=\"wp-block-heading\">Sites de terceiros<\/h6>\n\n\n\n<p>\u00c9 previs\u00edvel o aparecimento de refer\u00eancias a conte\u00fados de terceiros nos nossos textos. O facto de isso acontecer n\u00e3o valida, aprova ou subscreve os conte\u00fados dos mesmos. <\/p>\n","protected":false},"excerpt":{"rendered":"<p>ContextoEsta p\u00e1gina iniciou de uma brincadeira, n\u00e3o havendo qualquer intuito comercial com a mesma, pelo menos num futuro pr\u00f3ximo. Assim, garantimos n\u00e3o existir qualquer partilha com terceiros de dados que possam ser de alguma forma recolhidos. Dados recolhidos&#8211; Coment\u00e1rios no blog: S\u00e3o pedidos dois campos, o nome e email. T\u00eam por \u00fanico intuito eventuais respostas &hellip; <\/p>\n<p class=\"link-more\"><a href=\"https:\/\/turistouviajante.pt\/index.php\/politica-de-privacidade\/\" class=\"more-link\">Continuar a ler <span class=\"screen-reader-text\">&#8220;Pol\u00edtica de Privacidade&#8221;<\/span><\/a><\/p>\n","protected":false},"author":1,"featured_media":0,"parent":0,"menu_order":0,"comment_status":"closed","ping_status":"closed","template":"","meta":{"footnotes":""},"class_list":["post-712","page","type-page","status-publish","hentry"],"_links":{"self":[{"href":"https:\/\/turistouviajante.pt\/index.php\/wp-json\/wp\/v2\/pages\/712","targetHints":{"allow":["GET"]}}],"collection":[{"href":"https:\/\/turistouviajante.pt\/index.php\/wp-json\/wp\/v2\/pages"}],"about":[{"href":"https:\/\/turistouviajante.pt\/index.php\/wp-json\/wp\/v2\/types\/page"}],"author":[{"embeddable":true,"href":"https:\/\/turistouviajante.pt\/index.php\/wp-json\/wp\/v2\/users\/1"}],"replies":[{"embeddable":true,"href":"https:\/\/turistouviajante.pt\/index.php\/wp-json\/wp\/v2\/comments?post=712"}],"version-history":[{"count":15,"href":"https:\/\/turistouviajante.pt\/index.php\/wp-json\/wp\/v2\/pages\/712\/revisions"}],"predecessor-version":[{"id":739,"href":"https:\/\/turistouviajante.pt\/index.php\/wp-json\/wp\/v2\/pages\/712\/revisions\/739"}],"wp:attachment":[{"href":"https:\/\/turistouviajante.pt\/index.php\/wp-json\/wp\/v2\/media?parent=712"}],"curies":[{"name":"wp","href":"https:\/\/api.w.org\/{rel}","templated":true}]}}